{"id":5424,"date":"2021-09-13T10:23:12","date_gmt":"2021-09-13T10:23:12","guid":{"rendered":"https:\/\/world.ezinvest.com\/regulation\/legal-information\/"},"modified":"2022-03-09T08:39:16","modified_gmt":"2022-03-09T08:39:16","slug":"legal-information","status":"publish","type":"page","link":"https:\/\/world.ezinvest.com\/pt-br\/regulation\/legal-information\/","title":{"rendered":"INFORMA\u00c7\u00c3O LEGAL"},"content":{"rendered":"\t\t<div data-elementor-type=\"wp-page\" data-elementor-id=\"5424\" class=\"elementor elementor-5424 elementor-980\">\n\t\t\t\t\t\t\t\t\t<section class=\"ob-is-breaking-bad elementor-section elementor-top-section elementor-element elementor-element-43a016d3 elementor-section-content-middle elementor-section-boxed elementor-section-height-default elementor-section-height-default\" data-id=\"43a016d3\" data-element_type=\"section\" data-settings=\"{&quot;background_background&quot;:&quot;classic&quot;,&quot;_ob_bbad_use_it&quot;:&quot;yes&quot;,&quot;_ob_bbad_sssic_use&quot;:&quot;no&quot;,&quot;_ob_glider_is_slider&quot;:&quot;no&quot;}\">\n\t\t\t\t\t\t<div class=\"elementor-container elementor-column-gap-default\">\n\t\t\t\t\t<div class=\"elementor-column elementor-col-66 elementor-top-column elementor-element elementor-element-25a89862\" data-id=\"25a89862\" data-element_type=\"column\" data-settings=\"{&quot;_ob_bbad_is_stalker&quot;:&quot;no&quot;,&quot;_ob_teleporter_use&quot;:false,&quot;_ob_column_hoveranimator&quot;:&quot;no&quot;,&quot;_ob_column_has_pseudo&quot;:&quot;no&quot;}\">\n\t\t\t<div class=\"elementor-widget-wrap elementor-element-populated\">\n\t\t\t\t\t\t\t\t<div class=\"elementor-element elementor-element-cb939f9 ob-harakiri-inherit ob-has-background-overlay elementor-widget elementor-widget-heading\" data-id=\"cb939f9\" data-element_type=\"widget\" data-settings=\"{&quot;_ob_use_harakiri&quot;:&quot;yes&quot;,&quot;_ob_harakiri_writing_mode&quot;:&quot;inherit&quot;,&quot;_ob_harakiri_text_clip&quot;:&quot;none&quot;,&quot;_ob_perspektive_use&quot;:&quot;no&quot;,&quot;_ob_poopart_use&quot;:&quot;yes&quot;,&quot;_ob_shadough_use&quot;:&quot;no&quot;,&quot;_ob_allow_hoveranimator&quot;:&quot;no&quot;,&quot;_ob_widget_stalker_use&quot;:&quot;no&quot;}\" data-widget_type=\"heading.default\">\n\t\t\t\t<div class=\"elementor-widget-container\">\n\t\t\t<style>\/*! elementor - v3.12.1 - 02-04-2023 *\/\n.elementor-heading-title{padding:0;margin:0;line-height:1}.elementor-widget-heading .elementor-heading-title[class*=elementor-size-]>a{color:inherit;font-size:inherit;line-height:inherit}.elementor-widget-heading .elementor-heading-title.elementor-size-small{font-size:15px}.elementor-widget-heading .elementor-heading-title.elementor-size-medium{font-size:19px}.elementor-widget-heading .elementor-heading-title.elementor-size-large{font-size:29px}.elementor-widget-heading .elementor-heading-title.elementor-size-xl{font-size:39px}.elementor-widget-heading .elementor-heading-title.elementor-size-xxl{font-size:59px}<\/style><h1 class=\"elementor-heading-title elementor-size-default\">REGULAMENTO<\/h1>\t\t<\/div>\n\t\t\t\t<\/div>\n\t\t\t\t<div class=\"elementor-element elementor-element-192999c4 ob-harakiri-inherit ob-has-background-overlay elementor-widget elementor-widget-heading\" data-id=\"192999c4\" data-element_type=\"widget\" data-settings=\"{&quot;_ob_use_harakiri&quot;:&quot;yes&quot;,&quot;_ob_harakiri_writing_mode&quot;:&quot;inherit&quot;,&quot;_ob_harakiri_text_clip&quot;:&quot;none&quot;,&quot;_ob_perspektive_use&quot;:&quot;no&quot;,&quot;_ob_poopart_use&quot;:&quot;yes&quot;,&quot;_ob_shadough_use&quot;:&quot;no&quot;,&quot;_ob_allow_hoveranimator&quot;:&quot;no&quot;,&quot;_ob_widget_stalker_use&quot;:&quot;no&quot;}\" data-widget_type=\"heading.default\">\n\t\t\t\t<div class=\"elementor-widget-container\">\n\t\t\t<h2 class=\"elementor-heading-title elementor-size-default\">INFORMA\u00c7\u00c3O LEGAL<\/h2>\t\t<\/div>\n\t\t\t\t<\/div>\n\t\t\t\t\t<\/div>\n\t\t<\/div>\n\t\t\t\t<div class=\"elementor-column elementor-col-33 elementor-top-column elementor-element elementor-element-16d810a1\" data-id=\"16d810a1\" data-element_type=\"column\" data-settings=\"{&quot;_ob_bbad_is_stalker&quot;:&quot;no&quot;,&quot;_ob_teleporter_use&quot;:false,&quot;_ob_column_hoveranimator&quot;:&quot;no&quot;,&quot;_ob_column_has_pseudo&quot;:&quot;no&quot;}\">\n\t\t\t<div class=\"elementor-widget-wrap elementor-element-populated\">\n\t\t\t\t\t\t\t\t<div class=\"elementor-element elementor-element-4fa41641 elementor-align-center ob-has-background-overlay elementor-widget elementor-widget-breadcrumbs\" data-id=\"4fa41641\" data-element_type=\"widget\" data-settings=\"{&quot;_ob_perspektive_use&quot;:&quot;no&quot;,&quot;_ob_poopart_use&quot;:&quot;yes&quot;,&quot;_ob_shadough_use&quot;:&quot;no&quot;,&quot;_ob_allow_hoveranimator&quot;:&quot;no&quot;,&quot;_ob_widget_stalker_use&quot;:&quot;no&quot;}\" data-widget_type=\"breadcrumbs.default\">\n\t\t\t\t<div class=\"elementor-widget-container\">\n\t\t\t<link rel=\"stylesheet\" href=\"https:\/\/world.ezinvest.com\/wp-content\/plugins\/elementor-pro\/assets\/css\/widget-theme-elements.min.css\"><p id=\"breadcrumbs\"><span><span><a href=\"https:\/\/world.ezinvest.com\/\">Home<\/a><\/span><\/p>\t\t<\/div>\n\t\t\t\t<\/div>\n\t\t\t\t\t<\/div>\n\t\t<\/div>\n\t\t\t\t\t\t\t<\/div>\n\t\t<\/section>\n\t\t\t\t<section class=\"ob-is-breaking-bad elementor-section elementor-top-section elementor-element elementor-element-69b062f elementor-section-boxed elementor-section-height-default elementor-section-height-default\" data-id=\"69b062f\" data-element_type=\"section\" data-settings=\"{&quot;_ob_bbad_use_it&quot;:&quot;yes&quot;,&quot;_ob_bbad_sssic_use&quot;:&quot;no&quot;,&quot;_ob_glider_is_slider&quot;:&quot;no&quot;}\">\n\t\t\t\t\t\t<div class=\"elementor-container elementor-column-gap-default\">\n\t\t\t\t\t<div class=\"elementor-column elementor-col-100 elementor-top-column elementor-element elementor-element-858b8ee\" data-id=\"858b8ee\" data-element_type=\"column\" data-settings=\"{&quot;_ob_bbad_is_stalker&quot;:&quot;no&quot;,&quot;_ob_teleporter_use&quot;:false,&quot;_ob_column_hoveranimator&quot;:&quot;no&quot;,&quot;_ob_column_has_pseudo&quot;:&quot;no&quot;}\">\n\t\t\t<div class=\"elementor-widget-wrap elementor-element-populated\">\n\t\t\t\t\t\t\t\t<div class=\"elementor-element elementor-element-4911268 ob-harakiri-inherit ob-has-background-overlay elementor-widget elementor-widget-heading\" data-id=\"4911268\" data-element_type=\"widget\" data-settings=\"{&quot;_ob_use_harakiri&quot;:&quot;yes&quot;,&quot;_ob_harakiri_writing_mode&quot;:&quot;inherit&quot;,&quot;_ob_harakiri_text_clip&quot;:&quot;none&quot;,&quot;_ob_perspektive_use&quot;:&quot;no&quot;,&quot;_ob_poopart_use&quot;:&quot;yes&quot;,&quot;_ob_shadough_use&quot;:&quot;no&quot;,&quot;_ob_allow_hoveranimator&quot;:&quot;no&quot;,&quot;_ob_widget_stalker_use&quot;:&quot;no&quot;}\" data-widget_type=\"heading.default\">\n\t\t\t\t<div class=\"elementor-widget-container\">\n\t\t\t<h3 class=\"elementor-heading-title elementor-size-default\">Informa\u00e7\u00e3o legal<\/h3>\t\t<\/div>\n\t\t\t\t<\/div>\n\t\t\t\t<div class=\"elementor-element elementor-element-f0f0505 ob-harakiri-inherit ob-has-background-overlay elementor-widget elementor-widget-text-editor\" data-id=\"f0f0505\" data-element_type=\"widget\" data-settings=\"{&quot;_ob_use_harakiri&quot;:&quot;yes&quot;,&quot;_ob_harakiri_writing_mode&quot;:&quot;inherit&quot;,&quot;_ob_postman_use&quot;:&quot;no&quot;,&quot;_ob_perspektive_use&quot;:&quot;no&quot;,&quot;_ob_poopart_use&quot;:&quot;yes&quot;,&quot;_ob_shadough_use&quot;:&quot;no&quot;,&quot;_ob_allow_hoveranimator&quot;:&quot;no&quot;,&quot;_ob_widget_stalker_use&quot;:&quot;no&quot;}\" data-widget_type=\"text-editor.default\">\n\t\t\t\t<div class=\"elementor-widget-container\">\n\t\t\t<style>\/*! elementor - v3.12.1 - 02-04-2023 *\/\n.elementor-widget-text-editor.elementor-drop-cap-view-stacked .elementor-drop-cap{background-color:#69727d;color:#fff}.elementor-widget-text-editor.elementor-drop-cap-view-framed .elementor-drop-cap{color:#69727d;border:3px solid;background-color:transparent}.elementor-widget-text-editor:not(.elementor-drop-cap-view-default) .elementor-drop-cap{margin-top:8px}.elementor-widget-text-editor:not(.elementor-drop-cap-view-default) .elementor-drop-cap-letter{width:1em;height:1em}.elementor-widget-text-editor .elementor-drop-cap{float:left;text-align:center;line-height:1;font-size:50px}.elementor-widget-text-editor .elementor-drop-cap-letter{display:inline-block}<\/style>\t\t\t\t<p>World.EZInvest \u00e9 o nome comercial da Sanus Financial Services (PTY) Ltd, um<br \/>empresa de servi\u00e7os financeiros sujeita \u00e0 regula\u00e7\u00e3o e supervis\u00e3o de<br \/>a Autoridade de Conduta do Setor Financeiro (FSCA) com registro<br \/>n\u00famero 2020\/659426\/07, FSP n\u00famero 51523 e data de autoriza\u00e7\u00e3o<br \/>10\/6\/2021. Os escrit\u00f3rios da Sanus Financial Services (PTY) Ltd est\u00e3o localizados<br \/>em 17 Midas Avenue, Olympus, Pretoria, Gauteng, 0081 \u00c1frica do Sul.<br \/><br \/>Ao priorizar a negocia\u00e7\u00e3o segura, estamos comprometidos em fornecer a todos os nossos clientes a melhor experi\u00eancia de negocia\u00e7\u00e3o online poss\u00edvel. Convidamos voc\u00ea a visitar nossas se\u00e7\u00f5es \u00ab<a href=\"https:\/\/world.ezinvest.com\/pt-br\/regulation\/\">Regulamento<\/a>\u00bb e \u00ab<a href=\"https:\/\/world.ezinvest.com\/pt-br\/regulation\/policies\">Pol\u00edticas e Documenta\u00e7\u00e3o<\/a>\u00bb para obter mais informa\u00e7\u00f5es sobre nossa licen\u00e7a e nossa autoriza\u00e7\u00e3o. <\/p>\t\t\t\t\t\t<\/div>\n\t\t\t\t<\/div>\n\t\t\t\t\t<\/div>\n\t\t<\/div>\n\t\t\t\t\t\t\t<\/div>\n\t\t<\/section>\n\t\t\t\t\t\t\t<\/div>\n\t\t","protected":false},"excerpt":{"rendered":"<p>REGULAMENTO INFORMA\u00c7\u00c3O LEGAL Informa\u00e7\u00e3o legal World.EZInvest \u00e9 o nome comercial da Sanus Financial Services (PTY) Ltd, umempresa de servi\u00e7os financeiros sujeita \u00e0 regula\u00e7\u00e3o e supervis\u00e3o dea Autoridade de Conduta do Setor Financeiro (FSCA) com registron\u00famero 2020\/659426\/07, FSP n\u00famero 51523 e data de autoriza\u00e7\u00e3o10\/6\/2021. Os escrit\u00f3rios da Sanus Financial Services (PTY) Ltd est\u00e3o localizadosem 17 Midas [&hellip;]<\/p>\n","protected":false},"author":1,"featured_media":0,"parent":5405,"menu_order":0,"comment_status":"closed","ping_status":"closed","template":"elementor_header_footer","meta":{"footnotes":""},"class_list":["post-5424","page","type-page","status-publish","hentry"],"yoast_head":"<!-- This site is optimized with the Yoast SEO plugin v17.8 - https:\/\/yoast.com\/wordpress\/plugins\/seo\/ -->\n<title>INFORMA\u00c7\u00c3O LEGAL - EZinvest<\/title>\n<meta name=\"robots\" content=\"index, follow, max-snippet:-1, max-image-preview:large, max-video-preview:-1\" \/>\n<link rel=\"canonical\" href=\"https:\/\/world.ezinvest.com\/pt-br\/regulation\/legal-information\/\" \/>\n<meta property=\"og:locale\" content=\"pt_BR\" \/>\n<meta property=\"og:type\" content=\"article\" \/>\n<meta property=\"og:title\" content=\"INFORMA\u00c7\u00c3O LEGAL - EZinvest\" \/>\n<meta property=\"og:description\" content=\"REGULAMENTO INFORMA\u00c7\u00c3O LEGAL Informa\u00e7\u00e3o legal World.EZInvest \u00e9 o nome comercial da Sanus Financial Services (PTY) Ltd, umempresa de servi\u00e7os financeiros sujeita \u00e0 regula\u00e7\u00e3o e supervis\u00e3o dea Autoridade de Conduta do Setor Financeiro (FSCA) com registron\u00famero 2020\/659426\/07, FSP n\u00famero 51523 e data de autoriza\u00e7\u00e3o10\/6\/2021. Os escrit\u00f3rios da Sanus Financial Services (PTY) Ltd est\u00e3o localizadosem 17 Midas [&hellip;]\" \/>\n<meta property=\"og:url\" content=\"https:\/\/world.ezinvest.com\/pt-br\/regulation\/legal-information\/\" \/>\n<meta property=\"og:site_name\" content=\"EZinvest\" \/>\n<meta property=\"article:modified_time\" content=\"2022-03-09T08:39:16+00:00\" \/>\n<meta name=\"twitter:card\" content=\"summary_large_image\" \/>\n<meta name=\"twitter:label1\" content=\"Est. reading time\" \/>\n\t<meta name=\"twitter:data1\" content=\"1 minuto\" \/>\n<script type=\"application\/ld+json\" class=\"yoast-schema-graph\">{\"@context\":\"https:\/\/schema.org\",\"@graph\":[{\"@type\":\"WebSite\",\"@id\":\"https:\/\/world.ezinvest.com\/#website\",\"url\":\"https:\/\/world.ezinvest.com\/\",\"name\":\"EZinvest\",\"description\":\"\",\"potentialAction\":[{\"@type\":\"SearchAction\",\"target\":{\"@type\":\"EntryPoint\",\"urlTemplate\":\"https:\/\/world.ezinvest.com\/?s={search_term_string}\"},\"query-input\":\"required name=search_term_string\"}],\"inLanguage\":\"pt-BR\"},{\"@type\":\"WebPage\",\"@id\":\"https:\/\/world.ezinvest.com\/pt-br\/regulation\/legal-information\/#webpage\",\"url\":\"https:\/\/world.ezinvest.com\/pt-br\/regulation\/legal-information\/\",\"name\":\"INFORMA\\u00c7\\u00c3O LEGAL - EZinvest\",\"isPartOf\":{\"@id\":\"https:\/\/world.ezinvest.com\/#website\"},\"datePublished\":\"2021-09-13T10:23:12+00:00\",\"dateModified\":\"2022-03-09T08:39:16+00:00\",\"breadcrumb\":{\"@id\":\"https:\/\/world.ezinvest.com\/pt-br\/regulation\/legal-information\/#breadcrumb\"},\"inLanguage\":\"pt-BR\",\"potentialAction\":[{\"@type\":\"ReadAction\",\"target\":[\"https:\/\/world.ezinvest.com\/pt-br\/regulation\/legal-information\/\"]}]},{\"@type\":\"BreadcrumbList\",\"@id\":\"https:\/\/world.ezinvest.com\/pt-br\/regulation\/legal-information\/#breadcrumb\",\"itemListElement\":[{\"@type\":\"ListItem\",\"position\":1,\"name\":\"Home\",\"item\":\"https:\/\/world.ezinvest.com\/\"},{\"@type\":\"ListItem\",\"position\":2,\"name\":\"REGULAMENTO\",\"item\":\"https:\/\/world.ezinvest.com\/pt-br\/regulation\/\"},{\"@type\":\"ListItem\",\"position\":3,\"name\":\"INFORMA\\u00c7\\u00c3O LEGAL\"}]}]}<\/script>\n<!-- \/ Yoast SEO plugin. -->","yoast_head_json":{"title":"INFORMA\u00c7\u00c3O LEGAL - EZinvest","robots":{"index":"index","follow":"follow","max-snippet":"max-snippet:-1","max-image-preview":"max-image-preview:large","max-video-preview":"max-video-preview:-1"},"canonical":"https:\/\/world.ezinvest.com\/pt-br\/regulation\/legal-information\/","og_locale":"pt_BR","og_type":"article","og_title":"INFORMA\u00c7\u00c3O LEGAL - EZinvest","og_description":"REGULAMENTO INFORMA\u00c7\u00c3O LEGAL Informa\u00e7\u00e3o legal World.EZInvest \u00e9 o nome comercial da Sanus Financial Services (PTY) Ltd, umempresa de servi\u00e7os financeiros sujeita \u00e0 regula\u00e7\u00e3o e supervis\u00e3o dea Autoridade de Conduta do Setor Financeiro (FSCA) com registron\u00famero 2020\/659426\/07, FSP n\u00famero 51523 e data de autoriza\u00e7\u00e3o10\/6\/2021. Os escrit\u00f3rios da Sanus Financial Services (PTY) Ltd est\u00e3o localizadosem 17 Midas [&hellip;]","og_url":"https:\/\/world.ezinvest.com\/pt-br\/regulation\/legal-information\/","og_site_name":"EZinvest","article_modified_time":"2022-03-09T08:39:16+00:00","twitter_card":"summary_large_image","twitter_misc":{"Est. reading time":"1 minuto"},"schema":{"@context":"https:\/\/schema.org","@graph":[{"@type":"WebSite","@id":"https:\/\/world.ezinvest.com\/#website","url":"https:\/\/world.ezinvest.com\/","name":"EZinvest","description":"","potentialAction":[{"@type":"SearchAction","target":{"@type":"EntryPoint","urlTemplate":"https:\/\/world.ezinvest.com\/?s={search_term_string}"},"query-input":"required name=search_term_string"}],"inLanguage":"pt-BR"},{"@type":"WebPage","@id":"https:\/\/world.ezinvest.com\/pt-br\/regulation\/legal-information\/#webpage","url":"https:\/\/world.ezinvest.com\/pt-br\/regulation\/legal-information\/","name":"INFORMA\u00c7\u00c3O LEGAL - EZinvest","isPartOf":{"@id":"https:\/\/world.ezinvest.com\/#website"},"datePublished":"2021-09-13T10:23:12+00:00","dateModified":"2022-03-09T08:39:16+00:00","breadcrumb":{"@id":"https:\/\/world.ezinvest.com\/pt-br\/regulation\/legal-information\/#breadcrumb"},"inLanguage":"pt-BR","potentialAction":[{"@type":"ReadAction","target":["https:\/\/world.ezinvest.com\/pt-br\/regulation\/legal-information\/"]}]},{"@type":"BreadcrumbList","@id":"https:\/\/world.ezinvest.com\/pt-br\/regulation\/legal-information\/#breadcrumb","itemListElement":[{"@type":"ListItem","position":1,"name":"Home","item":"https:\/\/world.ezinvest.com\/"},{"@type":"ListItem","position":2,"name":"REGULAMENTO","item":"https:\/\/world.ezinvest.com\/pt-br\/regulation\/"},{"@type":"ListItem","position":3,"name":"INFORMA\u00c7\u00c3O LEGAL"}]}]}},"_links":{"self":[{"href":"https:\/\/world.ezinvest.com\/pt-br\/wp-json\/wp\/v2\/pages\/5424","targetHints":{"allow":["GET"]}}],"collection":[{"href":"https:\/\/world.ezinvest.com\/pt-br\/wp-json\/wp\/v2\/pages"}],"about":[{"href":"https:\/\/world.ezinvest.com\/pt-br\/wp-json\/wp\/v2\/types\/page"}],"author":[{"embeddable":true,"href":"https:\/\/world.ezinvest.com\/pt-br\/wp-json\/wp\/v2\/users\/1"}],"replies":[{"embeddable":true,"href":"https:\/\/world.ezinvest.com\/pt-br\/wp-json\/wp\/v2\/comments?post=5424"}],"version-history":[{"count":4,"href":"https:\/\/world.ezinvest.com\/pt-br\/wp-json\/wp\/v2\/pages\/5424\/revisions"}],"predecessor-version":[{"id":5428,"href":"https:\/\/world.ezinvest.com\/pt-br\/wp-json\/wp\/v2\/pages\/5424\/revisions\/5428"}],"up":[{"embeddable":true,"href":"https:\/\/world.ezinvest.com\/pt-br\/wp-json\/wp\/v2\/pages\/5405"}],"wp:attachment":[{"href":"https:\/\/world.ezinvest.com\/pt-br\/wp-json\/wp\/v2\/media?parent=5424"}],"curies":[{"name":"wp","href":"https:\/\/api.w.org\/{rel}","templated":true}]}}